{"id":100,"date":"2014-03-11T10:54:19","date_gmt":"2014-03-11T10:54:19","guid":{"rendered":"http:\/\/www.cssigniter.com\/preview\/santorini\/?page_id=100"},"modified":"2023-12-18T10:13:53","modified_gmt":"2023-12-18T08:13:53","slug":"our-resort","status":"publish","type":"page","link":"http:\/\/www.ferienwohnungen-ossiachersee.at\/de\/our-resort\/","title":{"rendered":"Der Sch\u00fctzenhof"},"content":{"rendered":"<p>\n\n<div class=\"ngg-galleryoverview ngg-slideshow\"\n\t id=\"ngg-slideshow-b7706deaeddc9ab5a4d48c47a7c6773e-15925777220\"\n     data-gallery-id=\"b7706deaeddc9ab5a4d48c47a7c6773e\"\n     style=\"max-width: 1200px; max-height: 750px;\">\n\n \t<div id=\"ngg-image-0\" class=\"ngg-gallery-slideshow-image\" style=\"height:750px\">\n\n        <a href=\"http:\/\/www.ferienwohnungen-ossiachersee.at\/de\/wp-content\/gallery\/schuetzenhof\/271.jpg\"\n           title=\"\"\n           data-src=\"http:\/\/www.ferienwohnungen-ossiachersee.at\/de\/wp-content\/gallery\/schuetzenhof\/271.jpg\"\n           data-thumbnail=\"http:\/\/www.ferienwohnungen-ossiachersee.at\/de\/wp-content\/gallery\/schuetzenhof\/thumbs\/thumbs_271.jpg\"\n           data-image-id=\"92\"\n           data-title=\"271\"\n           data-description=\"\"\n           class=\"ngg-fancybox\" rel=\"b7706deaeddc9ab5a4d48c47a7c6773e\">\n\n            <img data-image-id='92'\n                 title=\"\"\n                 alt=\"271\"\n                 src=\"http:\/\/www.ferienwohnungen-ossiachersee.at\/de\/wp-content\/gallery\/schuetzenhof\/271.jpg\"\n                 style=\"max-height: 730px;\"\/>\n        <\/a>\n\n        <\/div> \n<div id=\"ngg-image-1\" class=\"ngg-gallery-slideshow-image\" style=\"height:750px\">\n\n        <a href=\"http:\/\/www.ferienwohnungen-ossiachersee.at\/de\/wp-content\/gallery\/schuetzenhof\/Blumenwiese.JPG\"\n           title=\"\"\n           data-src=\"http:\/\/www.ferienwohnungen-ossiachersee.at\/de\/wp-content\/gallery\/schuetzenhof\/Blumenwiese.JPG\"\n           data-thumbnail=\"http:\/\/www.ferienwohnungen-ossiachersee.at\/de\/wp-content\/gallery\/schuetzenhof\/thumbs\/thumbs_Blumenwiese.JPG\"\n           data-image-id=\"97\"\n           data-title=\"Blumenwiese\"\n           data-description=\"\"\n           class=\"ngg-fancybox\" rel=\"b7706deaeddc9ab5a4d48c47a7c6773e\">\n\n            <img data-image-id='97'\n                 title=\"\"\n                 alt=\"Blumenwiese\"\n                 src=\"http:\/\/www.ferienwohnungen-ossiachersee.at\/de\/wp-content\/gallery\/schuetzenhof\/Blumenwiese.JPG\"\n                 style=\"max-height: 730px;\"\/>\n        <\/a>\n\n        <\/div> \n<div id=\"ngg-image-2\" class=\"ngg-gallery-slideshow-image\" style=\"height:750px\">\n\n        <a href=\"http:\/\/www.ferienwohnungen-ossiachersee.at\/de\/wp-content\/gallery\/schuetzenhof\/Wohnung3j.jpg\"\n           title=\"\"\n           data-src=\"http:\/\/www.ferienwohnungen-ossiachersee.at\/de\/wp-content\/gallery\/schuetzenhof\/Wohnung3j.jpg\"\n           data-thumbnail=\"http:\/\/www.ferienwohnungen-ossiachersee.at\/de\/wp-content\/gallery\/schuetzenhof\/thumbs\/thumbs_Wohnung3j.jpg\"\n           data-image-id=\"99\"\n           data-title=\"Wohnung3j\"\n           data-description=\"\"\n           class=\"ngg-fancybox\" rel=\"b7706deaeddc9ab5a4d48c47a7c6773e\">\n\n            <img data-image-id='99'\n                 title=\"\"\n                 alt=\"Wohnung3j\"\n                 src=\"http:\/\/www.ferienwohnungen-ossiachersee.at\/de\/wp-content\/gallery\/schuetzenhof\/Wohnung3j.jpg\"\n                 style=\"max-height: 730px;\"\/>\n        <\/a>\n\n        <\/div> \n<div id=\"ngg-image-3\" class=\"ngg-gallery-slideshow-image\" style=\"height:750px\">\n\n        <a href=\"http:\/\/www.ferienwohnungen-ossiachersee.at\/de\/wp-content\/gallery\/schuetzenhof\/Schuetzenhof.jpg\"\n           title=\"\"\n           data-src=\"http:\/\/www.ferienwohnungen-ossiachersee.at\/de\/wp-content\/gallery\/schuetzenhof\/Schuetzenhof.jpg\"\n           data-thumbnail=\"http:\/\/www.ferienwohnungen-ossiachersee.at\/de\/wp-content\/gallery\/schuetzenhof\/thumbs\/thumbs_Schuetzenhof.jpg\"\n           data-image-id=\"102\"\n           data-title=\"Schuetzenhof\"\n           data-description=\"\"\n           class=\"ngg-fancybox\" rel=\"b7706deaeddc9ab5a4d48c47a7c6773e\">\n\n            <img data-image-id='102'\n                 title=\"\"\n                 alt=\"Schuetzenhof\"\n                 src=\"http:\/\/www.ferienwohnungen-ossiachersee.at\/de\/wp-content\/gallery\/schuetzenhof\/Schuetzenhof.jpg\"\n                 style=\"max-height: 730px;\"\/>\n        <\/a>\n\n        <\/div> \n<div id=\"ngg-image-4\" class=\"ngg-gallery-slideshow-image\" style=\"height:750px\">\n\n        <a href=\"http:\/\/www.ferienwohnungen-ossiachersee.at\/de\/wp-content\/gallery\/schuetzenhof\/kreis.png\"\n           title=\"\"\n           data-src=\"http:\/\/www.ferienwohnungen-ossiachersee.at\/de\/wp-content\/gallery\/schuetzenhof\/kreis.png\"\n           data-thumbnail=\"http:\/\/www.ferienwohnungen-ossiachersee.at\/de\/wp-content\/gallery\/schuetzenhof\/thumbs\/thumbs_kreis.png\"\n           data-image-id=\"104\"\n           data-title=\"kreis\"\n           data-description=\"\"\n           class=\"ngg-fancybox\" rel=\"b7706deaeddc9ab5a4d48c47a7c6773e\">\n\n            <img data-image-id='104'\n                 title=\"\"\n                 alt=\"kreis\"\n                 src=\"http:\/\/www.ferienwohnungen-ossiachersee.at\/de\/wp-content\/gallery\/schuetzenhof\/kreis.png\"\n                 style=\"max-height: 730px;\"\/>\n        <\/a>\n\n        <\/div> \n<\/div>\n\n\n\n<span style=\"color: #4d4d4d;\"><br \/>\nDer Sch\u00fctzenhof wird in der zweiten Generation als Familienbetrieb gef\u00fchrt. Die ruhige Aussichtslage des Hauses, das gepflegte Ambiente, die gem\u00fctlich, liebevoll&nbsp; und modern ausgestatteten Ferienwohnungen, der wundersch\u00f6ne Blumen-Garten, die Freundlichkeit der Gastgeber&nbsp; und das vielf\u00e4ltige Angebot&nbsp; werden Sie \u00fcberzeugen.<\/span><\/p>\n<p>Die &nbsp;6 Ferienwohnungen des Sch\u00fctzenhofs sind gem\u00fctliche, neu adaptierte und liebevoll eingerichtete Appartements f\u00fcr 2-6 Personen, alle mit:<\/p>\n<table border=\"0\" width=\"100%\" cellspacing=\"0\" cellpadding=\"0\">\n<tbody>\n<tr>\n<td valign=\"top\" width=\"50%\">\n<ul style=\"color: #4d4d4d;\">\n<li>Balkon mit Seeblick<\/li>\n<li>SAT-TV<\/li>\n<li>Telefon<\/li>\n<\/ul>\n<\/td>\n<td valign=\"top\" width=\"50%\">\n<ul style=\"color: #4d4d4d;\">\n<li>Radio<\/li>\n<li>kostenloses WLAN<\/li>\n<li>K\u00fcchenzeile (Mikrowelle, Geschirrsp\u00fcler u.a.m.)<\/li>\n<\/ul>\n<\/td>\n<\/tr>\n<\/tbody>\n<\/table>\n<p>Unser privates Seebad mit kinderfreundlicher Badezone ist in wenigen Gehminuten erreichbar. Hier erwarten Sie:<\/p>\n<table border=\"0\" width=\"100%\" cellspacing=\"0\" cellpadding=\"0\">\n<tbody>\n<tr>\n<td valign=\"top\" width=\"50%\">\n<ul style=\"color: #4d4d4d;\">\n<li>Seehaus<\/li>\n<li>Steg<\/li>\n<li>Ruderboot<\/li>\n<\/ul>\n<\/td>\n<td valign=\"top\" width=\"50%\">\n<ul style=\"color: #4d4d4d;\">\n<li>Stand Up Paddle (SUP)<\/li>\n<li>Liegewiese<\/li>\n<li>Liegen und Schirme<\/li>\n<\/ul>\n<\/td>\n<\/tr>\n<\/tbody>\n<\/table>\n<p>Die Umgebung l\u00e4dt dazu ein, die Seele baumeln zu lassen oder sich aktiv zu bet\u00e4tigen. Ganz gleich ob Erholung, Erlebnis, Sport oder Spa\u00df, es ist f\u00fcr jeden etwas dabei:<\/p>\n<p style=\"color: #4d4d4d;\">N\u00fctzen Sie unser Angebot:<\/p>\n<table border=\"0\" width=\"100%\" cellspacing=\"0\" cellpadding=\"0\">\n<tbody>\n<tr>\n<td valign=\"top\" width=\"50%\">\n<ul style=\"color: #4d4d4d;\">\n<li>Garten<\/li>\n<li>Parkpl\u00e4tze<\/li>\n<li>Spiel- und Liegewiese<\/li>\n<li>Fahrr\u00e4der- auch f\u00fcr Kinder<\/li>\n<li>Mountainbikes<\/li>\n<li>Nordic Walking Stecken<\/li>\n<\/ul>\n<\/td>\n<td valign=\"top\" width=\"50%\">\n<ul style=\"color: #4d4d4d;\">\n<li>Spielplatz<\/li>\n<li>Tischtennis<\/li>\n<li>Spiele<\/li>\n<li>Bibliothek<\/li>\n<li>Tischfussball<\/li>\n<li>Grillm\u00f6glichkeit<\/li>\n<\/ul>\n<\/td>\n<\/tr>\n<\/tbody>\n<\/table>\n<p style=\"color: #4d4d4d;\">Gerne geben wir Tipps zu Radausfl\u00fcgen, Wanderungen, Bergsteigen, Klettern. Im Preis inkludiert ist auch die <a href=\"https:\/\/card.visitvillach.at\" target=\"_blank\" rel=\"noopener noreferrer\">Erlebnis CARD der Region<\/a> &#8211; Ihre Eintrittskarte zu unvergesslichen Urlaubserlebnissen.<\/p>\n<p style=\"color: #4d4d4d;\">Damit Sie sich rundum wohl f\u00fchlen, bieten wir noch zus\u00e4tzliche Dienstleistungen:<\/p>\n<ul>\n<li style=\"list-style-type: none;\">\n<ul style=\"color: #4d4d4d;\">\n<li>W\u00e4schewechsel nach Wunsch<\/li>\n<li>Waschmaschine und Trockner<\/li>\n<\/ul>\n<\/li>\n<\/ul>\n","protected":false},"excerpt":{"rendered":"<p>Der Sch\u00fctzenhof wird in der zweiten Generation als Familienbetrieb gef\u00fchrt. Die ruhige Aussichtslage des Hauses, das gepflegte Ambiente, die gem\u00fctlich, liebevoll&nbsp; und modern ausgestatteten Ferienwohnungen, der wundersch\u00f6ne Blumen-Garten, die Freundlichkeit der Gastgeber&nbsp; und das vielf\u00e4ltige Angebot&nbsp; werden Sie \u00fcberzeugen. Die &nbsp;6 Ferienwohnungen des Sch\u00fctzenhofs sind gem\u00fctliche, neu adaptierte und liebevoll[&#8230;]<\/p>\n","protected":false},"author":3,"featured_media":0,"parent":0,"menu_order":0,"comment_status":"open","ping_status":"open","template":"template-fullwidth.php","meta":{"ngg_post_thumbnail":0},"_links":{"self":[{"href":"http:\/\/www.ferienwohnungen-ossiachersee.at\/de\/wp-json\/wp\/v2\/pages\/100"}],"collection":[{"href":"http:\/\/www.ferienwohnungen-ossiachersee.at\/de\/wp-json\/wp\/v2\/pages"}],"about":[{"href":"http:\/\/www.ferienwohnungen-ossiachersee.at\/de\/wp-json\/wp\/v2\/types\/page"}],"author":[{"embeddable":true,"href":"http:\/\/www.ferienwohnungen-ossiachersee.at\/de\/wp-json\/wp\/v2\/users\/3"}],"replies":[{"embeddable":true,"href":"http:\/\/www.ferienwohnungen-ossiachersee.at\/de\/wp-json\/wp\/v2\/comments?post=100"}],"version-history":[{"count":23,"href":"http:\/\/www.ferienwohnungen-ossiachersee.at\/de\/wp-json\/wp\/v2\/pages\/100\/revisions"}],"predecessor-version":[{"id":1061,"href":"http:\/\/www.ferienwohnungen-ossiachersee.at\/de\/wp-json\/wp\/v2\/pages\/100\/revisions\/1061"}],"wp:attachment":[{"href":"http:\/\/www.ferienwohnungen-ossiachersee.at\/de\/wp-json\/wp\/v2\/media?parent=100"}],"curies":[{"name":"wp","href":"https:\/\/api.w.org\/{rel}","templated":true}]}}