{"id":11,"date":"2014-03-10T20:31:23","date_gmt":"2014-03-10T20:31:23","guid":{"rendered":"http:\/\/www.cssigniter.com\/preview\/santorini\/?page_id=11"},"modified":"2025-11-24T16:06:44","modified_gmt":"2025-11-24T14:06:44","slug":"rooms","status":"publish","type":"page","link":"http:\/\/www.ferienwohnungen-ossiachersee.at\/de\/rooms\/","title":{"rendered":"Unsere Ferienwohnungen"},"content":{"rendered":"<p>&nbsp;<\/p>\n<p>\n\n<div class=\"ngg-galleryoverview ngg-slideshow\"\n\t id=\"ngg-slideshow-2d44b5304028de193812816ddc6f8852-18015453930\"\n     data-gallery-id=\"2d44b5304028de193812816ddc6f8852\"\n     style=\"max-width: 600px; max-height: 400px;\">\n\n \t<div id=\"ngg-image-0\" class=\"ngg-gallery-slideshow-image\" style=\"height:400px\">\n\n        <a href=\"http:\/\/www.ferienwohnungen-ossiachersee.at\/de\/wp-content\/gallery\/schutzenhofunder\/Wohnung3j.jpg\"\n           title=\"\"\n           data-src=\"http:\/\/www.ferienwohnungen-ossiachersee.at\/de\/wp-content\/gallery\/schutzenhofunder\/Wohnung3j.jpg\"\n           data-thumbnail=\"http:\/\/www.ferienwohnungen-ossiachersee.at\/de\/wp-content\/gallery\/schutzenhofunder\/thumbs\/thumbs_Wohnung3j.jpg\"\n           data-image-id=\"109\"\n           data-title=\"Wohnung3j\"\n           data-description=\"\"\n           class=\"ngg-fancybox\" rel=\"2d44b5304028de193812816ddc6f8852\">\n\n            <img data-image-id='109'\n                 title=\"\"\n                 alt=\"Wohnung3j\"\n                 src=\"http:\/\/www.ferienwohnungen-ossiachersee.at\/de\/wp-content\/gallery\/schutzenhofunder\/Wohnung3j.jpg\"\n                 style=\"max-height: 380px;\"\/>\n        <\/a>\n\n        <\/div> \n<\/div>\n\n\n\t\t<!-- Thumbnails Link -->\n\t<div class=\"slideshowlink\" style=\"max-width: 600px;\">\n        <a href='http:\/\/www.ferienwohnungen-ossiachersee.at\/de\/rooms\/nggallery\/thumbnails'>[Zeige Vorschaubilder]<\/a>\n\t<\/div>\n\nSie werden sich in unseren Ferienwohnungen in Sattendorf am Ossiachersee wohlf\u00fchlen!<\/p>\n<h3>W\u00e4hlen Sie Ihre Lieblingswohnung!<\/h3>\n<p>\u2026 denn jede hat ihre speziellen Vorz\u00fcge und ihren besonderen Reiz:<\/p>\n<p>6 gem\u00fctliche, modern und komplett ausgestattete Ferienwohnungen warten auf Sie und Ihre Familie. Die 3 unterschiedlichen Wohnungstypen sind f\u00fcr 2 bis 6 Personen geeignet und wurden vor kurzem neu adaptiert. Alle Ferienwohnungen verf\u00fcgen \u00fcber eine Terrasse oder Balkon mit Seeblick sowie kostenlosen Internetzugang (WLAN).<\/p>\n<p>N\u00e4here Details wie Wohnungsplan, weitere Angaben zur Ausstattung und die aktuellen Preise finden Sie auf den Detailseiten der unterschiedlichen Wohnungstypen.<\/p>\n<div class=\"row\">\n<div class=\"col-sm-4\">\n<div class=\"post-227 room type-room status-publish has-post-thumbnail hentry item\">\n<figure class=\"item-thumb\"><a href=\"http:\/\/www.ferienwohnungen-ossiachersee.at\/de\/?room=ferienwohnung-alpen-adria\"><br \/>\n<img loading=\"lazy\" class=\"attachment-ci_thumb wp-post-image\" src=\"http:\/\/www.ferienwohnungen-ossiachersee.at\/de\/wp-content\/uploads\/2014\/05\/wohnung3a-700x534.jpg\" alt=\"wohnung3a\" width=\"700\" height=\"534\"><\/a><\/figure>\n<div class=\"item-content\">\n<p><a class=\"item-title btn\" href=\"http:\/\/www.ferienwohnungen-ossiachersee.at\/de\/?room=ferienwohnung-alpen-adria\">Ferienwohnung Alpen-Adria<\/a><\/p>\n<p class=\"item-sub\">von 100 bis 165 Euro pro Tag<\/p>\n<\/div>\n<\/div>\n<\/div>\n<div class=\"col-sm-4\">\n<div class=\"post-220 room type-room status-publish has-post-thumbnail hentry item\">\n<figure class=\"item-thumb\"><a href=\"http:\/\/www.ferienwohnungen-ossiachersee.at\/de\/?room=ferienwohnung-abendrot\"><br \/>\n<img loading=\"lazy\" class=\"attachment-ci_thumb wp-post-image\" src=\"http:\/\/www.ferienwohnungen-ossiachersee.at\/de\/wp-content\/uploads\/2014\/05\/FW2-neu2.jpg\" alt=\"2schlafraum\" width=\"700\" height=\"536\"> <\/a><\/figure>\n<div class=\"item-content\">\n<p><a class=\"item-title btn\" href=\"http:\/\/www.ferienwohnungen-ossiachersee.at\/de\/?room=ferienwohnung-abendrot\">Ferienwohnung Abendrot<\/a><\/p>\n<p class=\"item-sub\">von 104 bis 168 Euro pro Tag<\/p>\n<\/div>\n<\/div>\n<\/div>\n<div class=\"col-sm-4\">\n<div class=\"post-203 room type-room status-publish has-post-thumbnail hentry item\">\n<figure class=\"item-thumb\"><a href=\"http:\/\/www.ferienwohnungen-ossiachersee.at\/de\/?room=ferienwohnung-rosengarten\"><br \/>\n<img loading=\"lazy\" class=\"attachment-ci_thumb wp-post-image\" src=\"http:\/\/www.ferienwohnungen-ossiachersee.at\/de\/wp-content\/uploads\/2014\/05\/wohnung1d1-700x534.jpg\" alt=\"wohnung1d\" width=\"700\" height=\"534\"> <\/a><\/figure>\n<div class=\"item-content\">\n<p><a class=\"item-title btn\" href=\"http:\/\/www.ferienwohnungen-ossiachersee.at\/de\/?room=ferienwohnung-rosengarten\">Ferienwohnung Rosengarten<\/a><\/p>\n<p class=\"item-sub\">von 96 bis 145 Euro pro Tag<\/p>\n<\/div>\n<\/div>\n<\/div>\n<\/div>\n","protected":false},"excerpt":{"rendered":"<p>&nbsp; Sie werden sich in unseren Ferienwohnungen in Sattendorf am Ossiachersee wohlf\u00fchlen! W\u00e4hlen Sie Ihre Lieblingswohnung! \u2026 denn jede hat ihre speziellen Vorz\u00fcge und ihren besonderen Reiz: 6 gem\u00fctliche, modern und komplett ausgestattete Ferienwohnungen warten auf Sie und Ihre Familie. Die 3 unterschiedlichen Wohnungstypen sind f\u00fcr 2 bis 6 Personen[&#8230;]<\/p>\n","protected":false},"author":3,"featured_media":0,"parent":0,"menu_order":0,"comment_status":"open","ping_status":"open","template":"template-fullwidth.php","meta":{"ngg_post_thumbnail":0},"_links":{"self":[{"href":"http:\/\/www.ferienwohnungen-ossiachersee.at\/de\/wp-json\/wp\/v2\/pages\/11"}],"collection":[{"href":"http:\/\/www.ferienwohnungen-ossiachersee.at\/de\/wp-json\/wp\/v2\/pages"}],"about":[{"href":"http:\/\/www.ferienwohnungen-ossiachersee.at\/de\/wp-json\/wp\/v2\/types\/page"}],"author":[{"embeddable":true,"href":"http:\/\/www.ferienwohnungen-ossiachersee.at\/de\/wp-json\/wp\/v2\/users\/3"}],"replies":[{"embeddable":true,"href":"http:\/\/www.ferienwohnungen-ossiachersee.at\/de\/wp-json\/wp\/v2\/comments?post=11"}],"version-history":[{"count":20,"href":"http:\/\/www.ferienwohnungen-ossiachersee.at\/de\/wp-json\/wp\/v2\/pages\/11\/revisions"}],"predecessor-version":[{"id":1126,"href":"http:\/\/www.ferienwohnungen-ossiachersee.at\/de\/wp-json\/wp\/v2\/pages\/11\/revisions\/1126"}],"wp:attachment":[{"href":"http:\/\/www.ferienwohnungen-ossiachersee.at\/de\/wp-json\/wp\/v2\/media?parent=11"}],"curies":[{"name":"wp","href":"https:\/\/api.w.org\/{rel}","templated":true}]}}