{"id":252,"date":"2014-05-12T20:18:21","date_gmt":"2014-05-12T18:18:21","guid":{"rendered":"http:\/\/www.ferienwohnungen-ossiachersee.at\/de\/?page_id=252"},"modified":"2023-12-15T10:45:35","modified_gmt":"2023-12-15T08:45:35","slug":"seeerlebnis","status":"publish","type":"page","link":"http:\/\/www.ferienwohnungen-ossiachersee.at\/de\/umgebung\/seeerlebnis\/","title":{"rendered":"Seebad"},"content":{"rendered":"\n\n<div class=\"ngg-galleryoverview ngg-slideshow\"\n\t id=\"ngg-slideshow-a391695ea7ddfb8e0b873cf9917cc24f-6675771480\"\n     data-gallery-id=\"a391695ea7ddfb8e0b873cf9917cc24f\"\n     style=\"max-width: 1200px; max-height: 750px;\">\n\n \t<div id=\"ngg-image-0\" class=\"ngg-gallery-slideshow-image\" style=\"height:750px\">\n\n        <a href=\"http:\/\/www.ferienwohnungen-ossiachersee.at\/de\/wp-content\/gallery\/seebad\/strandbad.jpg\"\n           title=\"\"\n           data-src=\"http:\/\/www.ferienwohnungen-ossiachersee.at\/de\/wp-content\/gallery\/seebad\/strandbad.jpg\"\n           data-thumbnail=\"http:\/\/www.ferienwohnungen-ossiachersee.at\/de\/wp-content\/gallery\/seebad\/thumbs\/thumbs_strandbad.jpg\"\n           data-image-id=\"77\"\n           data-title=\"strandbad\"\n           data-description=\"\"\n           class=\"ngg-fancybox\" rel=\"a391695ea7ddfb8e0b873cf9917cc24f\">\n\n            <img data-image-id='77'\n                 title=\"\"\n                 alt=\"strandbad\"\n                 src=\"http:\/\/www.ferienwohnungen-ossiachersee.at\/de\/wp-content\/gallery\/seebad\/strandbad.jpg\"\n                 style=\"max-height: 730px;\"\/>\n        <\/a>\n\n        <\/div> \n<div id=\"ngg-image-1\" class=\"ngg-gallery-slideshow-image\" style=\"height:750px\">\n\n        <a href=\"http:\/\/www.ferienwohnungen-ossiachersee.at\/de\/wp-content\/gallery\/seebad\/strand-steg.jpg\"\n           title=\"\"\n           data-src=\"http:\/\/www.ferienwohnungen-ossiachersee.at\/de\/wp-content\/gallery\/seebad\/strand-steg.jpg\"\n           data-thumbnail=\"http:\/\/www.ferienwohnungen-ossiachersee.at\/de\/wp-content\/gallery\/seebad\/thumbs\/thumbs_strand-steg.jpg\"\n           data-image-id=\"81\"\n           data-title=\"strand-steg\"\n           data-description=\"\"\n           class=\"ngg-fancybox\" rel=\"a391695ea7ddfb8e0b873cf9917cc24f\">\n\n            <img data-image-id='81'\n                 title=\"\"\n                 alt=\"strand-steg\"\n                 src=\"http:\/\/www.ferienwohnungen-ossiachersee.at\/de\/wp-content\/gallery\/seebad\/strand-steg.jpg\"\n                 style=\"max-height: 730px;\"\/>\n        <\/a>\n\n        <\/div> \n<div id=\"ngg-image-2\" class=\"ngg-gallery-slideshow-image\" style=\"height:750px\">\n\n        <a href=\"http:\/\/www.ferienwohnungen-ossiachersee.at\/de\/wp-content\/gallery\/seebad\/see-steg-monika.jpg\"\n           title=\"\"\n           data-src=\"http:\/\/www.ferienwohnungen-ossiachersee.at\/de\/wp-content\/gallery\/seebad\/see-steg-monika.jpg\"\n           data-thumbnail=\"http:\/\/www.ferienwohnungen-ossiachersee.at\/de\/wp-content\/gallery\/seebad\/thumbs\/thumbs_see-steg-monika.jpg\"\n           data-image-id=\"90\"\n           data-title=\"see-steg-monika\"\n           data-description=\"\"\n           class=\"ngg-fancybox\" rel=\"a391695ea7ddfb8e0b873cf9917cc24f\">\n\n            <img data-image-id='90'\n                 title=\"\"\n                 alt=\"see-steg-monika\"\n                 src=\"http:\/\/www.ferienwohnungen-ossiachersee.at\/de\/wp-content\/gallery\/seebad\/see-steg-monika.jpg\"\n                 style=\"max-height: 730px;\"\/>\n        <\/a>\n\n        <\/div> \n<div id=\"ngg-image-3\" class=\"ngg-gallery-slideshow-image\" style=\"height:750px\">\n\n        <a href=\"http:\/\/www.ferienwohnungen-ossiachersee.at\/de\/wp-content\/gallery\/seebad\/20190609_174212.jpg\"\n           title=\"\"\n           data-src=\"http:\/\/www.ferienwohnungen-ossiachersee.at\/de\/wp-content\/gallery\/seebad\/20190609_174212.jpg\"\n           data-thumbnail=\"http:\/\/www.ferienwohnungen-ossiachersee.at\/de\/wp-content\/gallery\/seebad\/thumbs\/thumbs_20190609_174212.jpg\"\n           data-image-id=\"100\"\n           data-title=\"20190609_174212\"\n           data-description=\"\"\n           class=\"ngg-fancybox\" rel=\"a391695ea7ddfb8e0b873cf9917cc24f\">\n\n            <img data-image-id='100'\n                 title=\"\"\n                 alt=\"20190609_174212\"\n                 src=\"http:\/\/www.ferienwohnungen-ossiachersee.at\/de\/wp-content\/gallery\/seebad\/20190609_174212.jpg\"\n                 style=\"max-height: 730px;\"\/>\n        <\/a>\n\n        <\/div> \n<div id=\"ngg-image-4\" class=\"ngg-gallery-slideshow-image\" style=\"height:750px\">\n\n        <a href=\"http:\/\/www.ferienwohnungen-ossiachersee.at\/de\/wp-content\/gallery\/seebad\/Abendstimmung-Heidi.jpg\"\n           title=\"\"\n           data-src=\"http:\/\/www.ferienwohnungen-ossiachersee.at\/de\/wp-content\/gallery\/seebad\/Abendstimmung-Heidi.jpg\"\n           data-thumbnail=\"http:\/\/www.ferienwohnungen-ossiachersee.at\/de\/wp-content\/gallery\/seebad\/thumbs\/thumbs_Abendstimmung-Heidi.jpg\"\n           data-image-id=\"101\"\n           data-title=\"Abendstimmung-Heidi\"\n           data-description=\"\"\n           class=\"ngg-fancybox\" rel=\"a391695ea7ddfb8e0b873cf9917cc24f\">\n\n            <img data-image-id='101'\n                 title=\"\"\n                 alt=\"Abendstimmung-Heidi\"\n                 src=\"http:\/\/www.ferienwohnungen-ossiachersee.at\/de\/wp-content\/gallery\/seebad\/Abendstimmung-Heidi.jpg\"\n                 style=\"max-height: 730px;\"\/>\n        <\/a>\n\n        <\/div> \n<div id=\"ngg-image-5\" class=\"ngg-gallery-slideshow-image\" style=\"height:750px\">\n\n        <a href=\"http:\/\/www.ferienwohnungen-ossiachersee.at\/de\/wp-content\/gallery\/seebad\/00000062991_SUP-Ossiacher-See_Region-Villach-Tourismus-GmbH_Martin-Hofmann-scaled.jpg\"\n           title=\"\"\n           data-src=\"http:\/\/www.ferienwohnungen-ossiachersee.at\/de\/wp-content\/gallery\/seebad\/00000062991_SUP-Ossiacher-See_Region-Villach-Tourismus-GmbH_Martin-Hofmann-scaled.jpg\"\n           data-thumbnail=\"http:\/\/www.ferienwohnungen-ossiachersee.at\/de\/wp-content\/gallery\/seebad\/thumbs\/thumbs_00000062991_SUP-Ossiacher-See_Region-Villach-Tourismus-GmbH_Martin-Hofmann-scaled.jpg\"\n           data-image-id=\"103\"\n           data-title=\"00000062991_SUP-Ossiacher-See_Region-Villach-Tourismus-GmbH_Martin-Hofmann-scaled\"\n           data-description=\"\"\n           class=\"ngg-fancybox\" rel=\"a391695ea7ddfb8e0b873cf9917cc24f\">\n\n            <img data-image-id='103'\n                 title=\"\"\n                 alt=\"00000062991_SUP-Ossiacher-See_Region-Villach-Tourismus-GmbH_Martin-Hofmann-scaled\"\n                 src=\"http:\/\/www.ferienwohnungen-ossiachersee.at\/de\/wp-content\/gallery\/seebad\/00000062991_SUP-Ossiacher-See_Region-Villach-Tourismus-GmbH_Martin-Hofmann-scaled.jpg\"\n                 style=\"max-height: 730px;\"\/>\n        <\/a>\n\n        <\/div> \n<div id=\"ngg-image-6\" class=\"ngg-gallery-slideshow-image\" style=\"height:750px\">\n\n        <a href=\"http:\/\/www.ferienwohnungen-ossiachersee.at\/de\/wp-content\/gallery\/seebad\/kreis.png\"\n           title=\"\"\n           data-src=\"http:\/\/www.ferienwohnungen-ossiachersee.at\/de\/wp-content\/gallery\/seebad\/kreis.png\"\n           data-thumbnail=\"http:\/\/www.ferienwohnungen-ossiachersee.at\/de\/wp-content\/gallery\/seebad\/thumbs\/thumbs_kreis.png\"\n           data-image-id=\"105\"\n           data-title=\"kreis\"\n           data-description=\"\"\n           class=\"ngg-fancybox\" rel=\"a391695ea7ddfb8e0b873cf9917cc24f\">\n\n            <img data-image-id='105'\n                 title=\"\"\n                 alt=\"kreis\"\n                 src=\"http:\/\/www.ferienwohnungen-ossiachersee.at\/de\/wp-content\/gallery\/seebad\/kreis.png\"\n                 style=\"max-height: 730px;\"\/>\n        <\/a>\n\n        <\/div> \n<\/div>\n\n\n\n\n<ul>\n<li>Seehaus<\/li>\n<li>Badesteg<\/li>\n<li>Liegewiese<\/li>\n<li>Stand-Up-Paddle<\/li>\n<li>Ruderboot<\/li>\n<li>Liegen und Schirme<\/li>\n<\/ul>\n<p>In wenigen Gehminuten erreichen Sie unser privates Seebad. Genie\u00dfen Sie seine idyllische Lage, das h\u00fcbsche Seehaus, die gr\u00fcne Liegewiese, die angenehme Strandzone, die von den Kindern besonders geliebte Steganlage \u2013 hier ist das Wasser tief genug zum ins Wasser springen und doch flach genug f\u00fcr die besorgten Eltern.<\/p>\n<p>Atmen Sie tief durch und lassen Sie den Alltag hinter sich. Genie\u00dfen Sie die phantastische Ruhe morgens und abends, sehen Sie den Fischern zu \u2013 oder versuchen Sie selbst ihr Petriheil.<\/p>\n<p>Untertags wird geplanscht, geschwommen, gerudert, getaucht, Stand-Up-Paddle ausprobiert &#8211; danach ruhen Sie sich wohlig und zufrieden im Liegestuhl im Schatten der B\u00e4ume aus.<\/p>\n<p>Ein Tipp: gleich nebenan befindet sich das \u00f6ffentliche Strandbad mit einem netten, sehr empfehlenswerten kleinen Restaurant \u2013 da kann man sich auch schnell mal ein Eis ,einen kleinen Imbiss holen oder ein Elektroboot mieten.<\/p>\n<p><iframe loading=\"lazy\" style=\"border: 1px solid #999;\" src=\"https:\/\/www.panorama3d.at\/widgets\/pano.php?key=0u07112543c48L201199l4F3154997&amp;id=52389&amp;speed=3&amp;thumbnails=false\" width=\"670\" height=\"350\" frameborder=\"0\" scrolling=\"no\" allowfullscreen=\"allowfullscreen\"><\/iframe><\/p>\n<div style=\"font-size: 11px;\">Panoramen powered by <a style=\"font-size: 11px;\" title=\"Panorama3D.at\" href=\"http:\/\/www.panorama3d.at\" target=\"_blank\" rel=\"noopener noreferrer\">Panorama3d.at<\/a><\/div>\n","protected":false},"excerpt":{"rendered":"<p>Seehaus Badesteg Liegewiese Stand-Up-Paddle Ruderboot Liegen und Schirme In wenigen Gehminuten erreichen Sie unser privates Seebad. Genie\u00dfen Sie seine idyllische Lage, das h\u00fcbsche Seehaus, die gr\u00fcne Liegewiese, die angenehme Strandzone, die von den Kindern besonders geliebte Steganlage \u2013 hier ist das Wasser tief genug zum ins Wasser springen und doch[&#8230;]<\/p>\n","protected":false},"author":3,"featured_media":0,"parent":255,"menu_order":0,"comment_status":"closed","ping_status":"closed","template":"template-fullwidth.php","meta":{"ngg_post_thumbnail":0},"_links":{"self":[{"href":"http:\/\/www.ferienwohnungen-ossiachersee.at\/de\/wp-json\/wp\/v2\/pages\/252"}],"collection":[{"href":"http:\/\/www.ferienwohnungen-ossiachersee.at\/de\/wp-json\/wp\/v2\/pages"}],"about":[{"href":"http:\/\/www.ferienwohnungen-ossiachersee.at\/de\/wp-json\/wp\/v2\/types\/page"}],"author":[{"embeddable":true,"href":"http:\/\/www.ferienwohnungen-ossiachersee.at\/de\/wp-json\/wp\/v2\/users\/3"}],"replies":[{"embeddable":true,"href":"http:\/\/www.ferienwohnungen-ossiachersee.at\/de\/wp-json\/wp\/v2\/comments?post=252"}],"version-history":[{"count":22,"href":"http:\/\/www.ferienwohnungen-ossiachersee.at\/de\/wp-json\/wp\/v2\/pages\/252\/revisions"}],"predecessor-version":[{"id":1064,"href":"http:\/\/www.ferienwohnungen-ossiachersee.at\/de\/wp-json\/wp\/v2\/pages\/252\/revisions\/1064"}],"up":[{"embeddable":true,"href":"http:\/\/www.ferienwohnungen-ossiachersee.at\/de\/wp-json\/wp\/v2\/pages\/255"}],"wp:attachment":[{"href":"http:\/\/www.ferienwohnungen-ossiachersee.at\/de\/wp-json\/wp\/v2\/media?parent=252"}],"curies":[{"name":"wp","href":"https:\/\/api.w.org\/{rel}","templated":true}]}}