{"id":570,"date":"2014-07-01T16:28:51","date_gmt":"2014-07-01T14:28:51","guid":{"rendered":"http:\/\/www.ferienwohnungen-ossiachersee.at\/de\/?page_id=570"},"modified":"2024-09-09T10:53:51","modified_gmt":"2024-09-09T08:53:51","slug":"home","status":"publish","type":"page","link":"http:\/\/www.ferienwohnungen-ossiachersee.at\/de\/home\/","title":{"rendered":"Ferienwohnungen Sch\u00fctzenhof &#8211; Apartments am Ossiacher See"},"content":{"rendered":"\n<h2 style=\"text-align: center;\">&nbsp;Ferienwohnungen Sch\u00fctzenhof am Ossiacher See in K\u00e4rnten <a href=\"http:\/\/www.ferienwohnungen-ossiachersee.at\/de\/wp-content\/uploads\/2014\/05\/stars.png\" data-rel=\"prettyPhoto[570]\"><img loading=\"lazy\" class=\"alignnone size-full wp-image-401\" src=\"http:\/\/www.ferienwohnungen-ossiachersee.at\/de\/wp-content\/uploads\/2014\/05\/stars.png\" alt=\"stars\" width=\"63\" height=\"18\"><\/a><\/h2>\n<h2>&nbsp;<\/h2>\n<p>Der Sch\u00fctzenhof liegt sehr ruhig auf der Sonnenseite <a href=\"http:\/\/www.region-villach.at\/de\/sommer\/gerlitzen-alpe-ossiacher-see-2127045.html\" target=\"_blank\" rel=\"noopener noreferrer\">des Ossiacher Sees<\/a>&nbsp;in wundersch\u00f6ner Aussichtslage und doch nur wenige Gehminuten vom Ortszentrum Sattendorf<b> <\/b>und dem See mit dem privaten Badestrand entfernt.<\/p>\n<p>Der Ossiacher See liegt ihnen zu F\u00fc\u00dfen und Sie haben einen herrlichen Panoramablick auf die umliegenden Berge bis zu den beeindruckenden Gipfeln der Julischen Alpen.<\/p>\n<p>Sattendorf mit seiner kleinen Kirche, der Dorfschule, dem Bahnhof aus der Monarchie, den 3 beeindruckenden Wasserf\u00e4llen ist ein kleiner \u00fcberschaubarer Tourismusort direkt am Ossiacher See. Ein idealer Ausgangspunkt um K\u00e4rnten mit all seinen Attraktionen zu erkunden: In wenigen Fahrminuten sind in der Einkaufsstadt Villach oder am noblen W\u00f6rthersee und erreichen in kurzer Zeit die grenznahen Ausflugsorte in Italien und Slowenien.<\/p>\n<p>Genie\u00dfen Sie unser idyllisches, privates Seebad die au\u00dfergew\u00f6hnlich sch\u00f6ne Lage das Hauses und unser vielf\u00e4ltiges Angebot f\u00fcr Gro\u00df und Klein.<\/p>\n<p style=\"text-align: center;\"><strong>Wir freuen uns auf Sie!<\/strong><\/p>\n<p>Die Qualit\u00e4t unseres Angebotes wird st\u00e4ndig \u00fcberpr\u00fcft (Wirtschaftskammer \u00d6sterreich \u2013 3 Sterne).<\/p>\n<p>Heuer wurde uns vom Land K\u00e4rnten das Qualit\u00e4tssiegel \u00fcberreicht und unsere G\u00e4ste bewerten den Sch\u00fctzenhof sowohl auf <a href=\"http:\/\/www.holidaycheck.de\/hotel-Reiseinformationen_Apartments+Schuetzenhof-hid_273433.html?hc_cid=HCDE_B2B_QS_273433\" target=\"_blank\" rel=\"noopener noreferrer\">holidaycheck<\/a> &nbsp;als auch auf <a href=\"http:\/\/www.tripadvisor.de\/Hotel_Review-g1055474-d1892216-Reviews-Schuetzenhof-Sattendorf_Carinthia_Austrian_Alps.html\" target=\"_blank\" rel=\"noopener noreferrer\">tripadvisor<\/a> mit 100 % Weiterempfehlung \u2013 wir freuen uns sehr dar\u00fcber!<\/p>\n<p><\/p>\n\n\n\n\n<script>\n\n\t\t\twindow.dw = window.dw || function () { (dw.q = dw.q || []).push(arguments) };\n\n\t\t\tdw(\n\n\t\t\t\t'settings',\n\n\t\t\t\t'f2075475-09a7-4487-b72b-715a4ad60ae1',\n\n\t\t\t\t{\n\n\t\t\t\t\t\"context\": {\n\n\t\t\t\t\t\t\"serviceIds\": [],\n\n\t\t\t\t\t\t\"productIds\": []\n\n\t\t\t\t\t},\n\n\t\t\t\t\t\"lang\": 'de'\n\n\t\t\t\t}\n\n\t\t\t);\n\n\t\t<\/script>\n\n\t\t<script async=\"\" src=\"https:\/\/web5.deskline.net\/start\/ACCOKTN\/f2075475-09a7-4487-b72b-715a4ad60ae1\/index.js\"><\/script>\n","protected":false},"excerpt":{"rendered":"<p>&nbsp;Ferienwohnungen Sch\u00fctzenhof am Ossiacher See in K\u00e4rnten &nbsp; Der Sch\u00fctzenhof liegt sehr ruhig auf der Sonnenseite des Ossiacher Sees&nbsp;in wundersch\u00f6ner Aussichtslage und doch nur wenige Gehminuten vom Ortszentrum Sattendorf und dem See mit dem privaten Badestrand entfernt. Der Ossiacher See liegt ihnen zu F\u00fc\u00dfen und Sie haben einen herrlichen Panoramablick[&#8230;]<\/p>\n","protected":false},"author":3,"featured_media":0,"parent":0,"menu_order":0,"comment_status":"closed","ping_status":"closed","template":"","meta":{"ngg_post_thumbnail":0},"_links":{"self":[{"href":"http:\/\/www.ferienwohnungen-ossiachersee.at\/de\/wp-json\/wp\/v2\/pages\/570"}],"collection":[{"href":"http:\/\/www.ferienwohnungen-ossiachersee.at\/de\/wp-json\/wp\/v2\/pages"}],"about":[{"href":"http:\/\/www.ferienwohnungen-ossiachersee.at\/de\/wp-json\/wp\/v2\/types\/page"}],"author":[{"embeddable":true,"href":"http:\/\/www.ferienwohnungen-ossiachersee.at\/de\/wp-json\/wp\/v2\/users\/3"}],"replies":[{"embeddable":true,"href":"http:\/\/www.ferienwohnungen-ossiachersee.at\/de\/wp-json\/wp\/v2\/comments?post=570"}],"version-history":[{"count":17,"href":"http:\/\/www.ferienwohnungen-ossiachersee.at\/de\/wp-json\/wp\/v2\/pages\/570\/revisions"}],"predecessor-version":[{"id":1112,"href":"http:\/\/www.ferienwohnungen-ossiachersee.at\/de\/wp-json\/wp\/v2\/pages\/570\/revisions\/1112"}],"wp:attachment":[{"href":"http:\/\/www.ferienwohnungen-ossiachersee.at\/de\/wp-json\/wp\/v2\/media?parent=570"}],"curies":[{"name":"wp","href":"https:\/\/api.w.org\/{rel}","templated":true}]}}