{"id":576,"date":"2014-07-01T16:34:47","date_gmt":"2014-07-01T14:34:47","guid":{"rendered":"http:\/\/www.ferienwohnungen-ossiachersee.at\/de\/?page_id=576"},"modified":"2020-03-18T11:09:19","modified_gmt":"2020-03-18T09:09:19","slug":"angebot","status":"publish","type":"page","link":"http:\/\/www.ferienwohnungen-ossiachersee.at\/de\/angebot\/","title":{"rendered":"Angebot"},"content":{"rendered":"<p>\n\n<div class=\"ngg-galleryoverview ngg-slideshow\"\n\t id=\"ngg-slideshow-bade306d2fddf18404a6776b634b824f-17307304500\"\n     data-gallery-id=\"bade306d2fddf18404a6776b634b824f\"\n     style=\"max-width: 1200px; max-height: 750px;\">\n\n \t<div id=\"ngg-image-0\" class=\"ngg-gallery-slideshow-image\" style=\"height:750px\">\n\n        <a href=\"http:\/\/www.ferienwohnungen-ossiachersee.at\/de\/wp-content\/gallery\/Angebot-2\/bike-lake.jpg\"\n           title=\"\"\n           data-src=\"http:\/\/www.ferienwohnungen-ossiachersee.at\/de\/wp-content\/gallery\/Angebot-2\/bike-lake.jpg\"\n           data-thumbnail=\"http:\/\/www.ferienwohnungen-ossiachersee.at\/de\/wp-content\/gallery\/Angebot-2\/thumbs\/thumbs_bike-lake.jpg\"\n           data-image-id=\"82\"\n           data-title=\"bike-lake\"\n           data-description=\"\"\n           class=\"ngg-fancybox\" rel=\"bade306d2fddf18404a6776b634b824f\">\n\n            <img data-image-id='82'\n                 title=\"\"\n                 alt=\"bike-lake\"\n                 src=\"http:\/\/www.ferienwohnungen-ossiachersee.at\/de\/wp-content\/gallery\/Angebot-2\/bike-lake.jpg\"\n                 style=\"max-height: 730px;\"\/>\n        <\/a>\n\n        <\/div> \n<div id=\"ngg-image-1\" class=\"ngg-gallery-slideshow-image\" style=\"height:750px\">\n\n        <a href=\"http:\/\/www.ferienwohnungen-ossiachersee.at\/de\/wp-content\/gallery\/Angebot-2\/blumenwiese.jpg\"\n           title=\"\"\n           data-src=\"http:\/\/www.ferienwohnungen-ossiachersee.at\/de\/wp-content\/gallery\/Angebot-2\/blumenwiese.jpg\"\n           data-thumbnail=\"http:\/\/www.ferienwohnungen-ossiachersee.at\/de\/wp-content\/gallery\/Angebot-2\/thumbs\/thumbs_blumenwiese.jpg\"\n           data-image-id=\"83\"\n           data-title=\"blumenwiese\"\n           data-description=\"\"\n           class=\"ngg-fancybox\" rel=\"bade306d2fddf18404a6776b634b824f\">\n\n            <img data-image-id='83'\n                 title=\"\"\n                 alt=\"blumenwiese\"\n                 src=\"http:\/\/www.ferienwohnungen-ossiachersee.at\/de\/wp-content\/gallery\/Angebot-2\/blumenwiese.jpg\"\n                 style=\"max-height: 730px;\"\/>\n        <\/a>\n\n        <\/div> \n<div id=\"ngg-image-2\" class=\"ngg-gallery-slideshow-image\" style=\"height:750px\">\n\n        <a href=\"http:\/\/www.ferienwohnungen-ossiachersee.at\/de\/wp-content\/gallery\/Angebot-2\/bl%C3%BCten.jpg\"\n           title=\"\"\n           data-src=\"http:\/\/www.ferienwohnungen-ossiachersee.at\/de\/wp-content\/gallery\/Angebot-2\/bl%C3%BCten.jpg\"\n           data-thumbnail=\"http:\/\/www.ferienwohnungen-ossiachersee.at\/de\/wp-content\/gallery\/Angebot-2\/thumbs\/thumbs_bl%C3%BCten.jpg\"\n           data-image-id=\"84\"\n           data-title=\"bl\u00fcten\"\n           data-description=\"\"\n           class=\"ngg-fancybox\" rel=\"bade306d2fddf18404a6776b634b824f\">\n\n            <img data-image-id='84'\n                 title=\"\"\n                 alt=\"bl\u00fcten\"\n                 src=\"http:\/\/www.ferienwohnungen-ossiachersee.at\/de\/wp-content\/gallery\/Angebot-2\/bl%C3%BCten.jpg\"\n                 style=\"max-height: 730px;\"\/>\n        <\/a>\n\n        <\/div> \n<div id=\"ngg-image-3\" class=\"ngg-gallery-slideshow-image\" style=\"height:750px\">\n\n        <a href=\"http:\/\/www.ferienwohnungen-ossiachersee.at\/de\/wp-content\/gallery\/Angebot-2\/brettljause.jpg\"\n           title=\"\"\n           data-src=\"http:\/\/www.ferienwohnungen-ossiachersee.at\/de\/wp-content\/gallery\/Angebot-2\/brettljause.jpg\"\n           data-thumbnail=\"http:\/\/www.ferienwohnungen-ossiachersee.at\/de\/wp-content\/gallery\/Angebot-2\/thumbs\/thumbs_brettljause.jpg\"\n           data-image-id=\"85\"\n           data-title=\"brettljause\"\n           data-description=\"\"\n           class=\"ngg-fancybox\" rel=\"bade306d2fddf18404a6776b634b824f\">\n\n            <img data-image-id='85'\n                 title=\"\"\n                 alt=\"brettljause\"\n                 src=\"http:\/\/www.ferienwohnungen-ossiachersee.at\/de\/wp-content\/gallery\/Angebot-2\/brettljause.jpg\"\n                 style=\"max-height: 730px;\"\/>\n        <\/a>\n\n        <\/div> \n<div id=\"ngg-image-4\" class=\"ngg-gallery-slideshow-image\" style=\"height:750px\">\n\n        <a href=\"http:\/\/www.ferienwohnungen-ossiachersee.at\/de\/wp-content\/gallery\/Angebot-2\/b%C3%BCume.jpg\"\n           title=\"\"\n           data-src=\"http:\/\/www.ferienwohnungen-ossiachersee.at\/de\/wp-content\/gallery\/Angebot-2\/b%C3%BCume.jpg\"\n           data-thumbnail=\"http:\/\/www.ferienwohnungen-ossiachersee.at\/de\/wp-content\/gallery\/Angebot-2\/thumbs\/thumbs_b%C3%BCume.jpg\"\n           data-image-id=\"86\"\n           data-title=\"b\u00fcume\"\n           data-description=\"\"\n           class=\"ngg-fancybox\" rel=\"bade306d2fddf18404a6776b634b824f\">\n\n            <img data-image-id='86'\n                 title=\"\"\n                 alt=\"b\u00fcume\"\n                 src=\"http:\/\/www.ferienwohnungen-ossiachersee.at\/de\/wp-content\/gallery\/Angebot-2\/b%C3%BCume.jpg\"\n                 style=\"max-height: 730px;\"\/>\n        <\/a>\n\n        <\/div> \n<div id=\"ngg-image-5\" class=\"ngg-gallery-slideshow-image\" style=\"height:750px\">\n\n        <a href=\"http:\/\/www.ferienwohnungen-ossiachersee.at\/de\/wp-content\/gallery\/Angebot-2\/pilze.jpg\"\n           title=\"\"\n           data-src=\"http:\/\/www.ferienwohnungen-ossiachersee.at\/de\/wp-content\/gallery\/Angebot-2\/pilze.jpg\"\n           data-thumbnail=\"http:\/\/www.ferienwohnungen-ossiachersee.at\/de\/wp-content\/gallery\/Angebot-2\/thumbs\/thumbs_pilze.jpg\"\n           data-image-id=\"87\"\n           data-title=\"pilze\"\n           data-description=\"\"\n           class=\"ngg-fancybox\" rel=\"bade306d2fddf18404a6776b634b824f\">\n\n            <img data-image-id='87'\n                 title=\"\"\n                 alt=\"pilze\"\n                 src=\"http:\/\/www.ferienwohnungen-ossiachersee.at\/de\/wp-content\/gallery\/Angebot-2\/pilze.jpg\"\n                 style=\"max-height: 730px;\"\/>\n        <\/a>\n\n        <\/div> \n<div id=\"ngg-image-6\" class=\"ngg-gallery-slideshow-image\" style=\"height:750px\">\n\n        <a href=\"http:\/\/www.ferienwohnungen-ossiachersee.at\/de\/wp-content\/gallery\/Angebot-2\/see-wanderer.jpg\"\n           title=\"\"\n           data-src=\"http:\/\/www.ferienwohnungen-ossiachersee.at\/de\/wp-content\/gallery\/Angebot-2\/see-wanderer.jpg\"\n           data-thumbnail=\"http:\/\/www.ferienwohnungen-ossiachersee.at\/de\/wp-content\/gallery\/Angebot-2\/thumbs\/thumbs_see-wanderer.jpg\"\n           data-image-id=\"88\"\n           data-title=\"see-wanderer\"\n           data-description=\"\"\n           class=\"ngg-fancybox\" rel=\"bade306d2fddf18404a6776b634b824f\">\n\n            <img data-image-id='88'\n                 title=\"\"\n                 alt=\"see-wanderer\"\n                 src=\"http:\/\/www.ferienwohnungen-ossiachersee.at\/de\/wp-content\/gallery\/Angebot-2\/see-wanderer.jpg\"\n                 style=\"max-height: 730px;\"\/>\n        <\/a>\n\n        <\/div> \n<\/div>\n\n\n\n<b>Geruhsame Vor- und Nachsaison<\/b><\/p>\n<p style=\"text-align: left;\">N\u00fctzen Sie unsere stark reduzierten Vor- und Nachsaisonpreise (teilweise bis 50%!) im Mai, Juni und September.<\/p>\n<p style=\"text-align: left;\">Genie\u00dfen Sie die Ruhe und Beschaulichkeit im Fr\u00fchsommer und im Herbst. Still liegt der See vor Ihnen \u2013 endlich Zeit f\u00fcr sich und ein Buch\u2026<br \/>\nWandern Sie durch das frische Gr\u00fcn \u2013 oder den herbstlich gef\u00e4rbten Wald.<\/p>\n<p style=\"text-align: left;\">Auch im September hat unser Ossiachersee meist noch sehr angenehme Badetemperaturen.<br \/>\nBei einer 14 t\u00e4gigen Buchung bekommen Sie von uns die K\u00e4rnten Card f\u00fcr 1 Woche f\u00fcr 2 Personen gratis als Willkommensgeschenk.<\/p>\n","protected":false},"excerpt":{"rendered":"<p>Geruhsame Vor- und Nachsaison N\u00fctzen Sie unsere stark reduzierten Vor- und Nachsaisonpreise (teilweise bis 50%!) im Mai, Juni und September. Genie\u00dfen Sie die Ruhe und Beschaulichkeit im Fr\u00fchsommer und im Herbst. Still liegt der See vor Ihnen \u2013 endlich Zeit f\u00fcr sich und ein Buch\u2026 Wandern Sie durch das frische[&#8230;]<\/p>\n","protected":false},"author":3,"featured_media":0,"parent":0,"menu_order":0,"comment_status":"closed","ping_status":"closed","template":"template-fullwidth.php","meta":{"ngg_post_thumbnail":0},"_links":{"self":[{"href":"http:\/\/www.ferienwohnungen-ossiachersee.at\/de\/wp-json\/wp\/v2\/pages\/576"}],"collection":[{"href":"http:\/\/www.ferienwohnungen-ossiachersee.at\/de\/wp-json\/wp\/v2\/pages"}],"about":[{"href":"http:\/\/www.ferienwohnungen-ossiachersee.at\/de\/wp-json\/wp\/v2\/types\/page"}],"author":[{"embeddable":true,"href":"http:\/\/www.ferienwohnungen-ossiachersee.at\/de\/wp-json\/wp\/v2\/users\/3"}],"replies":[{"embeddable":true,"href":"http:\/\/www.ferienwohnungen-ossiachersee.at\/de\/wp-json\/wp\/v2\/comments?post=576"}],"version-history":[{"count":10,"href":"http:\/\/www.ferienwohnungen-ossiachersee.at\/de\/wp-json\/wp\/v2\/pages\/576\/revisions"}],"predecessor-version":[{"id":976,"href":"http:\/\/www.ferienwohnungen-ossiachersee.at\/de\/wp-json\/wp\/v2\/pages\/576\/revisions\/976"}],"wp:attachment":[{"href":"http:\/\/www.ferienwohnungen-ossiachersee.at\/de\/wp-json\/wp\/v2\/media?parent=576"}],"curies":[{"name":"wp","href":"https:\/\/api.w.org\/{rel}","templated":true}]}}