{"id":854,"date":"2018-07-31T10:33:55","date_gmt":"2018-07-31T08:33:55","guid":{"rendered":"http:\/\/www.ferienwohnungen-ossiachersee.at\/de\/?page_id=854"},"modified":"2020-03-02T11:30:28","modified_gmt":"2020-03-02T09:30:28","slug":"datenschutzerklaerung","status":"publish","type":"page","link":"http:\/\/www.ferienwohnungen-ossiachersee.at\/de\/datenschutzerklaerung\/","title":{"rendered":"Datenschutzerkl\u00e4rung"},"content":{"rendered":"<h1 style=\"text-align: center;\">Sch\u00fctzenhof<\/h1>\n<p style=\"text-align: center;\">Gem\u00e4\u00df DSGVO und GDPR (General Data Protection Regulation)<\/p>\n<p>&nbsp;<\/p>\n<p>Verantwortlicher im Sinne der Datenschutz Grundverordnung<\/p>\n<p>Mag. Heidelies Reichel-Sch\u00fctzenhofer<br \/>\nWasserfallweg 9<br \/>\n9520 Sattendorf<br \/>\nTel: 0043 4248 2543<br \/>\nHandy: 0043 664 73279635<br \/>\nE-Mail: <a href=\"mailto:schuetzenhof.reichel@gmail.com\">schuetzenhof.reichel@gmail.com<\/a><\/p>\n<p>Web: <a href=\"http:\/\/www.ferienwohnungen-ossiachersee.at\">www.ferienwohnungen-ossiachersee.at<\/a><\/p>\n<p>&nbsp;<\/p>\n<p>Der Schutz Ihrer pers\u00f6nlichen Daten ist uns ein besonderes Anliegen. Wir verarbeiten Ihre Daten daher ausschlie\u00dflich auf Grundlage der gesetzlichen Bestimmungen (DSGVO, TKG 2003). In diesen Datenschutzinformationen informieren wir Sie \u00fcber die wichtigsten Aspekte der Datenverarbeitung im Rahmen unserer Website.<\/p>\n<h2>1. KONTAKT MIT UNS<\/h2>\n<p>Wenn Sie per Formular auf der Website oder per E-Mail Kontakt mit uns aufnehmen, werden Ihre angegebenen Daten zwecks Bearbeitung der Anfrage und f\u00fcr den Fall von Anschlussfragen bei uns gespeichert.<\/p>\n<p>Die Verarbeitung der in das Kontaktformular eingegebenen, bzw per E- Mail \u00fcbermittelten Daten (Namen, Anschrift, Emailadresse, Geburtsdaten) erfolgt somit ausschlie\u00dflich auf Grundlage Ihrer Einwilligung (Art. 6 Abs. 1 lit. a DSGVO) und dient der Beantwortung Ihrer Anfrage, der Buchungsverwaltung und den Aufzeichnungen entsprechend den gesetzlichen Vorschriften:<\/p>\n<h2 class=\"av-special-heading-tag \">2. ANGABEN GEM\u00c4SS ART 13 DSGVO<\/h2>\n<p>Die umfangreiche Angabe der personenbezogene Daten gem\u00e4\u00df &nbsp;Art 13 DSGVO werden f\u00fcr unsere Dienstleistungen nicht alle ben\u00f6tigt.<\/p>\n<p><strong>Ben\u00f6tigt werden lediglich:<\/strong><\/p>\n<p>Vorname, Nachname, Geburtsdatum, Emailadresse, Adresse (Anschrift), evtl. Telefonnummer (Festnetz und oder Mobil)<\/p>\n<p>&nbsp;<\/p>\n<p>Sie k\u00f6nnen diese Einwilligung jederzeit widerrufen. Dazu reicht eine formlose Mitteilung per E-Mail an uns. Die Rechtm\u00e4\u00dfigkeit der bis zum Widerruf erfolgten Datenverarbeitungsvorg\u00e4nge bleibt vom Widerruf unber\u00fchrt.<\/p>\n<p>Die von Ihnen im Kontaktformular eingegebenen Daten verbleiben bei uns, bis Sie uns zur L\u00f6schung auffordern, Ihre Einwilligung zur Speicherung widerrufen oder der Zweck f\u00fcr die Datenspeicherung entf\u00e4llt (z.B. nach abgeschlossener Bearbeitung Ihrer Anfrage bzw. zum Ende unseres Gesch\u00e4ftsjahres) Zwingende gesetzliche Bestimmungen \u2013 insbesondere Aufbewahrungsfristen \u2013 bleiben unber\u00fchrt.<\/p>\n<h2>3. ZUGRIFFSDATEN \/ SERVER-LOGFILES<\/h2>\n<p>Wir (beziehungsweise unser Webspace-Provider) erheben Daten \u00fcber jeden Zugriff auf die Webseite (so genannte Serverlogfiles). Zu den Zugriffsdaten geh\u00f6ren:<\/p>\n<p>Abgerufene Webseite, Datum und Uhrzeit des Abrufs, \u00fcbertragene Datenmenge, Statusmeldungen, Browsertyp, Betriebssystem und IP-Adresse.<\/p>\n<p>Wir verwenden die Protokolldaten nur zum Zweck des Betriebs und der Sicherheit. Wir behalten uns jedoch vor, die Protokolldaten nachtr\u00e4glich zu \u00fcberpr\u00fcfen, wenn aufgrund konkreter Anhaltspunkte der berechtigte Verdacht einer rechtswidrigen Nutzung besteht.<\/p>\n<h2>4. Cookies<\/h2>\n<p>Die Internetseiten verwenden teilweise so genannte Cookies. Cookies richten auf Ihrem Rechner keinen Schaden an und enthalten keine Viren. Cookies dienen dazu, unser Angebot nutzerfreundlicher, effektiver und sicherer zu machen. Cookies sind kleine Textdateien, die auf Ihrem Rechner abgelegt werden und die Ihr Browser speichert.<\/p>\n<p>Die meisten der von uns verwendeten Cookies sind so genannte \u201cSession-Cookies\u201d. Sie werden nach Ende Ihres Besuchs automatisch gel\u00f6scht. Andere Cookies bleiben auf Ihrem Endger\u00e4t gespeichert bis Sie diese l\u00f6schen. Diese Cookies erm\u00f6glichen es uns, Ihren Browser beim n\u00e4chsten Besuch wiederzuerkennen.<\/p>\n<p>Sie k\u00f6nnen Ihren Browser so einstellen, dass Sie \u00fcber das Setzen von Cookies informiert werden und Cookies nur im Einzelfall erlauben, die Annahme von Cookies f\u00fcr bestimmte F\u00e4lle oder generell ausschlie\u00dfen sowie das automatische L\u00f6schen der Cookies beim Schlie\u00dfen des Browser aktivieren. Bei der Deaktivierung von Cookies kann die Funktionalit\u00e4t dieser Website eingeschr\u00e4nkt sein.<\/p>\n<p>Cookies, die zur Durchf\u00fchrung des elektronischen Kommunikationsvorgangs oder zur Bereitstellung bestimmter, von Ihnen erw\u00fcnschter Funktionen erforderlich sind, werden auf Grundlage von Art. 6 Abs. 1 lit. f DSGVO gespeichert. Der Websitebetreiber hat ein berechtigtes Interesse an der Speicherung von Cookies zur technisch fehlerfreien und optimierten Bereitstellung seiner Dienste. Soweit andere Cookies (z.B. Cookies zur Analyse Ihres Surfverhaltens) gespeichert werden, werden diese in dieser Datenschutzerkl\u00e4rung gesondert behandelt.<\/p>\n<h2>5. EINBINDUNG VON DIENSTEN UND INHALTEN DRITTER<\/h2>\n<p>Es kann vorkommen, dass innerhalb dieses Onlineangebotes Inhalte Dritter, wie zum Beispiel Videos von YouTube, Kartenmaterial von Google-Maps, RSS-Feeds oder Grafiken von anderen Webseiten eingebunden werden. Dies setzt immer voraus, dass die Anbieter dieser Inhalte (nachfolgend bezeichnet als \u201cDritt-Anbieter\u201d) die IP-Adresse der Nutzer wahrnehmen. Denn ohne die IP-Adresse, k\u00f6nnten sie die Inhalte nicht an den Browser des jeweiligen Nutzers senden. Die IP-Adresse ist damit f\u00fcr die Darstellung dieser Inhalte erforderlich. Wir bem\u00fchen uns nur solche Inhalte zu verwenden, deren jeweilige Anbieter die IP-Adresse lediglich zur Auslieferung der Inhalte verwenden. Jedoch haben wir keinen Einfluss darauf, falls die Dritt-Anbieter die IP-Adresse z.B. f\u00fcr statistische Zwecke speichern. Soweit dies uns bekannt ist, kl\u00e4ren wir die Nutzer dar\u00fcber auf.<\/p>\n<p>Verwendete Dienste auf unserer Webseite:<\/p>\n<p><strong>Holidaycheck Widget<\/strong><\/p>\n<p><strong>HolidayCheck<\/strong><\/p>\n<p>Wir haben auf unserer Webseite ein Widget von&nbsp;<u><a href=\"https:\/\/www.holidaycheck.de\/\">HolidayCheck<\/a><\/u>&nbsp;f\u00fcr die Anzeige von Bewertungen eingebunden. Anbieter ist die HolidayCheck AG, Bahnweg 8, CH-8598 Bottighofen, Schweiz (<u><a href=\"http:\/\/www.holidaycheck.de\/impressum\">http:\/\/www.holidaycheck.de\/impressum<\/a><\/u>). Zur Nutzung der Funktionen des HolidayCheck-Widgets ist es notwendig, Ihre IP Adresse zu speichern. Diese Informationen werden in der Regel an einen Server von HolidayCheck in der Schweiz \u00fcbertragen und dort gespeichert. Der Anbieter dieser Seite hat keinen Einfluss auf diese Daten\u00fcbertragung. Die Nutzung des HolidayCheck-Widgets erfolgt im Interesse einer Pr\u00e4sentation der auf HolidayCheck abgegebenen Bewertungen unseres Hotels, und um die M\u00f6glichkeit der Verfassung einer Bewertung bei HolidayCheck anbieten zu k\u00f6nnen. Dies stellt ein berechtigtes Interesse im Sinne von Art. 6 Abs. 1 lit. f DSGVO dar. Mehr Informationen zum Umgang mit Nutzerdaten bei HolidayCheck finden Sie in der Datenschutzerkl\u00e4rung von HolidayCheck:&nbsp;<u><a href=\"https:\/\/www.holidaycheck.de\/datenschutz\">https:\/\/www.holidaycheck.de\/datenschutz<\/a><\/u>.<\/p>\n<p>&nbsp;<\/p>\n<p>Google Bewertungen<\/p>\n<p>Tripadvisor Widget<\/p>\n<p>Link \u2013 Europ\u00e4ische Reiseversicherung<br \/>\nLink \u2013 Erlebnis-Card Villach<br \/>\nLink &#8211; K\u00e4rnten Card<\/p>\n<p>kaernten.at<\/p>\n<p>Links zu Ausflugszielen und touristischen Aktivit\u00e4ten<\/p>\n<p>Link \u2013 Region Villach mit Veranstaltungskalender<\/p>\n<p>&nbsp;<\/p>\n<p><strong>TrustYou<\/strong><\/p>\n<p>Diese Seite bindet ein Widget von TrustYou f\u00fcr die Anzeige von Bewertungen ein. Anbieter ist die TrustYou GmbH, Munich Center of Technology, Agnes-Pockels-Bogen 1, 80992 M\u00fcnchen, Deutschland (<a class=\"moz-txt-link-freetext\" href=\"https:\/\/www.trustyou.com\/imprint?lang=de\">https:\/\/www.trustyou.com\/imprint?lang=de<\/a>).<\/p>\n<p>Zur Nutzung der Funktionen des TrustYou-Widgets ist es notwendig, Ihre IP Adresse zu speichern. Diese Informationen werden in der Regel an einen Server von TrustYou in Deutschland \u00fcbertragen und dort gespeichert. Der Anbieter dieser Seite hat keinen Einfluss auf diese Daten\u00fcbertragung.<\/p>\n<p>Die Nutzung des TrustYou-Widgets erfolgt im Interesse einer Pr\u00e4sentation der auf TrustYou abgegebenen Bewertungen unseres Hotels, und um die M\u00f6glichkeit der Verfassung einer Bewertung bei TrustYou anbieten zu k\u00f6nnen. Dies stellt ein berechtigtes Interesse im Sinne von Art. 6 Abs. 1 lit. f DSGVO dar.<\/p>\n<p>Mehr Informationen zum Umgang mit Nutzerdaten bei TrustYou finden Sie in der Datenschutzerkl\u00e4rung von TrustYou:&nbsp;<a class=\"moz-txt-link-freetext\" href=\"https:\/\/www.trustyou.com\/wp-content\/uploads\/2018\/05\/2017-01-19-TY-Privacy-Policy.pdf\">https:\/\/www.trustyou.com\/wp-content\/uploads\/2018\/05\/2017-01-19-TY-Privacy-Policy.pdf<\/a><\/p>\n<p>&nbsp;<\/p>\n<p><strong>Datenverarbeitung durch Feratel<\/strong><\/p>\n<p>Die Datenverarbeitung im Rahmen der Anfrage- und Buchungsformulare auf der von uns betriebenen Webseite erfolgt in unserem Auftrag \u00fcber das feratel Deskline System, betrieben von der feratel media technologies AG, Maria-Theresienstra\u00dfe 8, 6020 Innsbruck im Auftrag der Region Villach Tourismus GmbH. Im Vertrag \u00fcber die Auftragsverarbeitung personenbezogener Daten garantiert die feratel media technologies AG Ihnen und uns, alle notwendigen technischen und organisatorischen Ma\u00dfnahmen ergriffen zu haben, um Ihre Daten DSVGO-konform zu sch\u00fctzen und ausschlie\u00dflich f\u00fcr die Abwicklung der von Ihnen vorgenommenen Anfragen und Buchungen zu verwenden.<\/p>\n<p>Wenn Sie per Formular auf der Website oder per E-Mail Kontakt mit uns aufnehmen, werden Ihre angegebenen Daten zwecks Bearbeitung der Anfrage und f\u00fcr den Fall von Anschlussfragen maximal 12 Monate bei uns auf unserem Rechner gespeichert und danach gel\u00f6scht. Diese Daten geben wir nicht ohne Ihre Einwilligung weiter. Bei einer Buchung werden die Daten 7 Jahre gespeichert.<\/p>\n<p>&nbsp;<\/p>\n<h2>6.&nbsp;VERWENDUNG VON EXTERNEN TRACKING-DIENSTEN<\/h2>\n<p>Diese Website benutzt Google Analytics, einen Webanalysedienst der Google Inc. (&#8222;Google&#8220;). Anbieter ist die Google Inc., 1600 Amphitheatre Parkway Mountain View, CA 94043, USA.<\/p>\n<p>Google Analytics verwendet sog. &#8222;Cookies&#8220;, Textdateien, die auf Ihrem Computer gespeichert werden und die eine Analyse der Benutzung der Website durch Sie erm\u00f6glichen.Mehr Informationen zum Umgang mit Nutzerdaten bei Google Analytics finden Sie in der Datenschutzerkl\u00e4rung von Google:&nbsp;<strong><u><a href=\"https:\/\/support.google.com\/analytics\/answer\/6004245?hl=de\">https:\/\/support.google.com\/analytics\/answer\/6004245?hl=de<\/a><\/u><\/strong><\/p>\n<p>Der Nutzer kann die Speicherung der Cookies im Rahmen von Google Analytics durch eine entsprechende Einstellung seiner Browser-Software verhindern. N\u00e4here Informationen zu den Nutzungsbedingungen und zum Datenschutz bez\u00fcglich Google Analytics k\u00f6nnen unter&nbsp;<u><a href=\"http:\/\/www.google.com\/analytics\/terms\/de.html\">http:\/\/www.google.com\/analytics\/terms\/de.html<\/a><\/u>&nbsp;abgerufen werden.<\/p>\n<h2>7.&nbsp;DATENWEITERGABE<\/h2>\n<p>Der Sch\u00fctzenhof nimmt den Schutz Ihrer Pers\u00f6nlichkeitsrechte sehr ernst.&nbsp;Der Sch\u00fctzenhof versichert Ihnen, Ihre Kontaktinformationen an andere Anbieter weder zu verkaufen noch zu verleihen. Um Ihnen einen vorbildlichen Service bieten zu k\u00f6nnen, gibt&nbsp; der Sch\u00fctzenhof &nbsp;Ihre pers\u00f6nlichen Daten unter Umst\u00e4nden an juristische Personen&nbsp;weiter, die jedoch verpflichtet sind, diese Daten im Einklang mit der Datenschutzerkl\u00e4rung zu sch\u00fctzen. Dazu z\u00e4hlen Steuerberater, Buchhaltung und Gemeinde f\u00fcr Ort`s und N\u00e4chtigungstaxe.<\/p>\n<p>&nbsp;Auch diese Unternehmen sind verpflichtet, Ihre pers\u00f6nlichen Daten im Einklang mit unserer Datenschutzerkl\u00e4rung zum Schutz der Pers\u00f6nlichkeitsrechte zu sch\u00fctzen. Mitunter kann&nbsp;der Sch\u00fctzenhof aufgrund von gesetzlichen Bestimmungen oder Rechtsvorg\u00e4ngen gezwungen sein, Ihre pers\u00f6nlichen Daten offenzulegen.<\/p>\n<p>Bitte beachten Sie, dass wir datenschutzrechtliche Anfragen erst nach Verifizierung Ihrer Identit\u00e4t vornehmen k\u00f6nnen. Diesbez\u00fcglich k\u00f6nnen Sie uns direkt an unserem Standort besuchen und einen Lichtbild Ausweis oder Reisepass vorweisen.<\/p>\n<h2>8. IHRE RECHTE entsprechend LEGISLATIVDEKRET NR. 196\/2003, ART. 7-<\/h2>\n<p>Ihnen stehen grunds\u00e4tzlich die Rechte auf Auskunft, Berichtigung, L\u00f6schung, Einschr\u00e4nkung, Daten\u00fcbertragbarkeit, Widerruf und Widerspruch zu. Wenn Sie glauben, dass die Verarbeitung Ihrer Daten gegen das Datenschutzrecht verst\u00f6\u00dft oder Ihre datenschutzrechtlichen Anspr\u00fcche sonst in einer Weise verletzt worden sind, wenden Sie sich bitte an uns oder an die Aufsichtsbeh\u00f6rde (in \u00d6sterreich ist dies die Datenschutzbeh\u00f6rde).<\/p>\n","protected":false},"excerpt":{"rendered":"<p>Sch\u00fctzenhof Gem\u00e4\u00df DSGVO und GDPR (General Data Protection Regulation) &nbsp; Verantwortlicher im Sinne der Datenschutz Grundverordnung Mag. Heidelies Reichel-Sch\u00fctzenhofer Wasserfallweg 9 9520 Sattendorf Tel: 0043 4248 2543 Handy: 0043 664 73279635 E-Mail: schuetzenhof.reichel@gmail.com Web: www.ferienwohnungen-ossiachersee.at &nbsp; Der Schutz Ihrer pers\u00f6nlichen Daten ist uns ein besonderes Anliegen. Wir verarbeiten Ihre Daten[&#8230;]<\/p>\n","protected":false},"author":3,"featured_media":0,"parent":0,"menu_order":0,"comment_status":"closed","ping_status":"closed","template":"","meta":{"ngg_post_thumbnail":0},"_links":{"self":[{"href":"http:\/\/www.ferienwohnungen-ossiachersee.at\/de\/wp-json\/wp\/v2\/pages\/854"}],"collection":[{"href":"http:\/\/www.ferienwohnungen-ossiachersee.at\/de\/wp-json\/wp\/v2\/pages"}],"about":[{"href":"http:\/\/www.ferienwohnungen-ossiachersee.at\/de\/wp-json\/wp\/v2\/types\/page"}],"author":[{"embeddable":true,"href":"http:\/\/www.ferienwohnungen-ossiachersee.at\/de\/wp-json\/wp\/v2\/users\/3"}],"replies":[{"embeddable":true,"href":"http:\/\/www.ferienwohnungen-ossiachersee.at\/de\/wp-json\/wp\/v2\/comments?post=854"}],"version-history":[{"count":3,"href":"http:\/\/www.ferienwohnungen-ossiachersee.at\/de\/wp-json\/wp\/v2\/pages\/854\/revisions"}],"predecessor-version":[{"id":907,"href":"http:\/\/www.ferienwohnungen-ossiachersee.at\/de\/wp-json\/wp\/v2\/pages\/854\/revisions\/907"}],"wp:attachment":[{"href":"http:\/\/www.ferienwohnungen-ossiachersee.at\/de\/wp-json\/wp\/v2\/media?parent=854"}],"curies":[{"name":"wp","href":"https:\/\/api.w.org\/{rel}","templated":true}]}}