{"id":857,"date":"2018-07-31T15:18:03","date_gmt":"2018-07-31T13:18:03","guid":{"rendered":"http:\/\/www.ferienwohnungen-ossiachersee.at\/de\/?page_id=857"},"modified":"2025-11-24T16:15:53","modified_gmt":"2025-11-24T14:15:53","slug":"impressum","status":"publish","type":"page","link":"http:\/\/www.ferienwohnungen-ossiachersee.at\/de\/impressum\/","title":{"rendered":"Impressum"},"content":{"rendered":"<h1 style=\"text-align: center;\">&nbsp;<\/h1>\n<p><strong>Heidi Reichel-Sch\u00fctzenhofer<\/strong><br \/>\nWasserfallweg 9<br \/>\nA-9520 Sattendorf<\/p>\n<p>E-Mail: <a href=\"mailto:schuetzenhof.reichel@gmail.com\">schuetzenhof.reichel@gmail.com<\/a><\/p>\n<p>Telefon: 0043 664 732 79635<br \/>\nUID Nr. ATU 26859502<\/p>\n<p>&nbsp;<\/p>\n<h2>Datenschutz<\/h2>\n<p>Alle Themen zum Datenschutz finden Sie <a href=\"http:\/\/www.ferienwohnungen-ossiachersee.at\/de\/datenschutzerklaerung\/\">hier<\/a><\/p>\n<h2>Haftung f\u00fcr Inhalte<\/h2>\n<p>Die Inhalte unserer Seiten wurden mit gr\u00f6\u00dfter Sorgfalt erstellt. F\u00fcr die Richtigkeit, Vollst\u00e4ndigkeit und Aktualit\u00e4t der Inhalte k\u00f6nnen wir jedoch keine Gew\u00e4hr \u00fcbernehmen. Als Dienste-Anbieter sind wir f\u00fcr eigene Inhalte auf diesen Seiten nach den allgemeinen Gesetzen verantwortlich. Dienste-Anbieter sind jedoch nicht verpflichtet, die von ihnen \u00fcbermittelten oder gespeicherten fremden Informationen zu \u00fcberwachen oder nach Umst\u00e4nden zu forschen, die auf eine rechtswidrige T\u00e4tigkeit hinweisen. Verpflichtungen zur Entfernung oder Sperrung der Nutzung von Informationen nach den allgemeinen Gesetzen bleiben hiervon unber\u00fchrt. Eine diesbez\u00fcgliche Haftung ist jedoch erst ab dem Zeitpunkt der Kenntnis einer konkreten Rechtsverletzung m\u00f6glich. Bei bekannt werden von entsprechenden Rechtsverletzungen werden wir diese Inhalte umgehend entfernen.<\/p>\n<h2>Haftung f\u00fcr Links<\/h2>\n<p>Unser Angebot enth\u00e4lt Links zu externen Webseiten Dritter, auf deren Inhalte wir keinen Einfluss haben. Deshalb k\u00f6nnen wir f\u00fcr diese fremden Inhalte auch keine Gew\u00e4hr \u00fcbernehmen. F\u00fcr die Inhalte der verlinkten Seiten ist stets der jeweilige Anbieter oder Betreiber der Seiten verantwortlich. Die verlinkten Seiten wurden zum Zeitpunkt der Verlinkung auf m\u00f6gliche Rechtsverst\u00f6\u00dfe \u00fcberpr\u00fcft. Rechtswidrige Inhalte waren zum Zeitpunkt der Verlinkung nicht erkennbar. Eine permanente inhaltliche Kontrolle der verlinkten Seiten ist jedoch ohne konkrete Anhaltspunkte einer Rechtsverletzung nicht zumutbar. Bei bekannt werden von Rechtsverletzungen werden wir derartige Links umgehend entfernen.<\/p>\n<h2>Urheberrecht<\/h2>\n<p>Wir sind bem\u00fcht, stets die Urheberrechte anderer zu beachten bzw. auf selbst erstellte sowie lizenzfreie Werke zur\u00fcckzugreifen. Die durch die Seitenbetreiber erstellten Inhalte und Werke auf diesen Seiten unterliegen dem Urheberrecht. Beitr\u00e4ge Dritter sind als solche gekennzeichnet. Die Vervielf\u00e4ltigung, Bearbeitung, Verbreitung und jede Art der Verwertung au\u00dferhalb der Grenzen des Urheberrechtes bed\u00fcrfen der schriftlichen Zustimmung des jeweiligen Autors bzw. Erstellers. Downloads und Kopien dieser Seite sind nur f\u00fcr den privaten, nicht kommerziellen Gebrauch gestattet.<\/p>\n<h2>Rechtswirksamkeit<\/h2>\n<p>Sofern Teile oder einzelne Formulierungen dieses Textes der geltenden Rechtslage nicht, nicht mehr oder nicht vollst\u00e4ndig entsprechen sollten, bleiben die \u00fcbrigen Teile dieses Dokumentes in ihrem Inhalt und ihrer G\u00fcltigkeit davon unber\u00fchrt.<\/p>\n","protected":false},"excerpt":{"rendered":"<p>&nbsp; Heidi Reichel-Sch\u00fctzenhofer Wasserfallweg 9 A-9520 Sattendorf E-Mail: schuetzenhof.reichel@gmail.com Telefon: 0043 664 732 79635 UID Nr. ATU 26859502 &nbsp; Datenschutz Alle Themen zum Datenschutz finden Sie hier Haftung f\u00fcr Inhalte Die Inhalte unserer Seiten wurden mit gr\u00f6\u00dfter Sorgfalt erstellt. F\u00fcr die Richtigkeit, Vollst\u00e4ndigkeit und Aktualit\u00e4t der Inhalte k\u00f6nnen wir jedoch[&#8230;]<\/p>\n","protected":false},"author":3,"featured_media":0,"parent":0,"menu_order":0,"comment_status":"closed","ping_status":"closed","template":"","meta":{"ngg_post_thumbnail":0},"_links":{"self":[{"href":"http:\/\/www.ferienwohnungen-ossiachersee.at\/de\/wp-json\/wp\/v2\/pages\/857"}],"collection":[{"href":"http:\/\/www.ferienwohnungen-ossiachersee.at\/de\/wp-json\/wp\/v2\/pages"}],"about":[{"href":"http:\/\/www.ferienwohnungen-ossiachersee.at\/de\/wp-json\/wp\/v2\/types\/page"}],"author":[{"embeddable":true,"href":"http:\/\/www.ferienwohnungen-ossiachersee.at\/de\/wp-json\/wp\/v2\/users\/3"}],"replies":[{"embeddable":true,"href":"http:\/\/www.ferienwohnungen-ossiachersee.at\/de\/wp-json\/wp\/v2\/comments?post=857"}],"version-history":[{"count":7,"href":"http:\/\/www.ferienwohnungen-ossiachersee.at\/de\/wp-json\/wp\/v2\/pages\/857\/revisions"}],"predecessor-version":[{"id":1129,"href":"http:\/\/www.ferienwohnungen-ossiachersee.at\/de\/wp-json\/wp\/v2\/pages\/857\/revisions\/1129"}],"wp:attachment":[{"href":"http:\/\/www.ferienwohnungen-ossiachersee.at\/de\/wp-json\/wp\/v2\/media?parent=857"}],"curies":[{"name":"wp","href":"https:\/\/api.w.org\/{rel}","templated":true}]}}